{"id":80,"date":"2019-04-29T15:43:39","date_gmt":"2019-04-29T13:43:39","guid":{"rendered":"http:\/\/tehno-inde.com\/sertifikati\/"},"modified":"2019-05-02T11:17:10","modified_gmt":"2019-05-02T09:17:10","slug":"sertifikati","status":"publish","type":"page","link":"https:\/\/www.tehno-inde.com\/sr\/sertifikati\/","title":{"rendered":"Sertifikati"},"content":{"rendered":"<p><a href=\"https:\/\/www.tehno-inde.com\/wp-content\/uploads\/2019\/04\/sertifikat.jpg\"><img decoding=\"async\" class=\"alignright size-400 wp-image-35\" src=\"https:\/\/www.tehno-inde.com\/wp-content\/uploads\/2019\/04\/sertifikat-400x570.jpg\" alt=\"\" width=\"400\" height=\"570\" srcset=\"https:\/\/www.tehno-inde.com\/wp-content\/uploads\/2019\/04\/sertifikat-105x150.jpg 105w, https:\/\/www.tehno-inde.com\/wp-content\/uploads\/2019\/04\/sertifikat-200x285.jpg 200w, https:\/\/www.tehno-inde.com\/wp-content\/uploads\/2019\/04\/sertifikat-211x300.jpg 211w, https:\/\/www.tehno-inde.com\/wp-content\/uploads\/2019\/04\/sertifikat-400x570.jpg 400w, https:\/\/www.tehno-inde.com\/wp-content\/uploads\/2019\/04\/sertifikat.jpg 500w\" sizes=\"(max-width: 400px) 100vw, 400px\" \/><\/a><strong>Politika kvaliteta<\/strong><\/p>\n<p>Polaze\u0107i od \u010dinjenice da opstanak i razvoj na\u0161eg preduze\u0107a zavisi od opredjeljenja kupaca da kupuju na\u0161e proizvode, zna\u010dajne aktivnosti usmjerili smo na kontinuirano sagledavanje sada\u0161njih i budu\u0107ih potreba i zahtjeva na\u0161ih kupaca.<\/p>\n<p>Kontakt sa kupcima je va\u017ena stavka, tako da on mora biti neprekidan i u skladu sa tim potrebno je stalno dolaziti do informacija i podataka o njihovim potrebama, \u017eeljama kao i mi\u0161ljenjima o kvalitetu poslovanja sa na\u0161om organizacijom.<\/p>\n<p>Uspostavljeni sistem upravljanja kvalitetom, usagla\u0161en sa zahtjevima me\u0111unarodnog standarda za kvalitet ISO 9001\/ 2008 se mora stalno nadzirati u cilju njegovog odr\u017eavanja i pobolj\u0161anja do nivoa koji \u0107e omogu\u0107iti proizvodnju kvalitetnog elektro \u2013instalacionog materijala od plastike, te dovesti Tehno-Inde d.o.o. me\u0111u vode\u0107e proizvo\u0111a\u010de elektro \u2013 instalacionog materijala u BiH i \u0161ire.<\/p>\n<p>Na\u0161e dobavlja\u010de odabiremo na osnovu kriterija koji osiguravaju nabavke materijala koji su osnov za proizvodnju kvalitetnih proizvoda.<\/p>\n<p>Najzna\u010dajniji resurs na\u0161eg preduze\u0107a su zaposleni, \u010dijem osposobljavanju za obavljanje radnih zadataka posve\u0107ujemo punu pa\u017enju. Svi zaposleni su odgovorni u okviru svojih radnih zadataka za kvalitet na\u0161ih proizvoda.<\/p>\n<p>Na\u0161e opredjeljenje je da u budu\u0107nosti svoj razvoj, pored unapre\u0111enja tehnologije baziramo i na uvo\u0111enju mladih i stru\u010dnih kadrova.<\/p>\n<p><strong>LISTA DEKLARACIJA<\/strong><\/p>\n<p><a href=\"https:\/\/www.tehno-inde.com\/wp-content\/uploads\/2019\/04\/EC-Deklaracija-KRUTE-CIJEVI.pdf\">EC Deklaracija KRUTE CIJEVI<\/a><br \/>\n<a href=\"https:\/\/www.tehno-inde.com\/wp-content\/uploads\/2019\/04\/EC-Deklaracija-KUTIJE-ZA-GIPSANE-PLOCE.pdf\">EC Deklaracija KUTIJE ZA GIPSANE PLO\u010cE<\/a><br \/>\n<a href=\"https:\/\/www.tehno-inde.com\/wp-content\/uploads\/2019\/04\/EC-Deklaracija-KUTIJE-ZA-NIZANJE.pdf\">EC Deklaracija KUTIJE ZA NIZANJE<\/a><br \/>\n<a href=\"https:\/\/www.tehno-inde.com\/wp-content\/uploads\/2019\/04\/EC-Deklaracija-NADZBUKNE-RAZVODNE-KUTIJE.pdf\">EC Deklaracija NAD\u017dBUKNE RAZVODNE KUTIJE<\/a><br \/>\n<a href=\"https:\/\/www.tehno-inde.com\/wp-content\/uploads\/2019\/04\/EC-Deklaracija-OKRUGLE-RAZVODNE-PZ-KUTIJE.pdf\">EC Deklaracija OKRUGLE RAZVODNE P\u017d KUTIJE<\/a><br \/>\n<a href=\"https:\/\/www.tehno-inde.com\/wp-content\/uploads\/2019\/04\/EC-Deklaracija-PRIBOR-ZA-CIJEVI.pdf\">EC Deklaracija PRIBOR ZA CIJEVI<\/a><br \/>\n<a href=\"https:\/\/www.tehno-inde.com\/wp-content\/uploads\/2019\/04\/EC-Deklaracija-SAVITLJIVE-CIJEVI.pdf\">EC Deklaracija SAVITLJIVE CIJEVI<\/a><br \/>\n<a href=\"https:\/\/www.tehno-inde.com\/wp-content\/uploads\/2019\/04\/EC-Deklaracija-NOSACI-SABIRNICA.pdf\">EC Deklaracija NOSA\u010cI SABIRNICA<\/a><br \/>\n<a href=\"https:\/\/www.tehno-inde.com\/wp-content\/uploads\/2019\/04\/EC-Deklaracija-POKLOPCI-SABIRNICA.pdf\">EC Deklaracija POKLOPCI SABIRNICA<\/a><br \/>\n<a href=\"https:\/\/www.tehno-inde.com\/wp-content\/uploads\/2019\/04\/EC-Deklaracija-CETVRTASTE-RAZVODNE-PZ-KUTIJE.pdf\">EC Deklaracija \u010cETVRTASTE RAZVODNE P\u017d KUTIJE<\/a><\/p>\n","protected":false},"excerpt":{"rendered":"<p>Politika kvaliteta Polaze\u0107i od \u010dinjenice da opstanak i razvoj na\u0161eg  [&#8230;]<\/p>\n","protected":false},"author":1,"featured_media":0,"parent":0,"menu_order":0,"comment_status":"closed","ping_status":"closed","template":"","meta":{"ngg_post_thumbnail":0,"footnotes":""},"class_list":["post-80","page","type-page","status-publish","hentry"],"aioseo_notices":[],"_links":{"self":[{"href":"https:\/\/www.tehno-inde.com\/sr\/wp-json\/wp\/v2\/pages\/80","targetHints":{"allow":["GET"]}}],"collection":[{"href":"https:\/\/www.tehno-inde.com\/sr\/wp-json\/wp\/v2\/pages"}],"about":[{"href":"https:\/\/www.tehno-inde.com\/sr\/wp-json\/wp\/v2\/types\/page"}],"author":[{"embeddable":true,"href":"https:\/\/www.tehno-inde.com\/sr\/wp-json\/wp\/v2\/users\/1"}],"replies":[{"embeddable":true,"href":"https:\/\/www.tehno-inde.com\/sr\/wp-json\/wp\/v2\/comments?post=80"}],"version-history":[{"count":1,"href":"https:\/\/www.tehno-inde.com\/sr\/wp-json\/wp\/v2\/pages\/80\/revisions"}],"predecessor-version":[{"id":81,"href":"https:\/\/www.tehno-inde.com\/sr\/wp-json\/wp\/v2\/pages\/80\/revisions\/81"}],"wp:attachment":[{"href":"https:\/\/www.tehno-inde.com\/sr\/wp-json\/wp\/v2\/media?parent=80"}],"curies":[{"name":"wp","href":"https:\/\/api.w.org\/{rel}","templated":true}]}}