{"id":2758,"date":"2025-09-24T19:43:13","date_gmt":"2025-09-24T17:43:13","guid":{"rendered":"https:\/\/www.tehno-inde.com\/distribucija\/"},"modified":"2025-09-30T11:18:51","modified_gmt":"2025-09-30T09:18:51","slug":"distribucija","status":"publish","type":"page","link":"https:\/\/www.tehno-inde.com\/sr\/distribucija\/","title":{"rendered":"Distribucija"},"content":{"rendered":"<div class=\"fusion-fullwidth fullwidth-box fusion-builder-row-1 fusion-flex-container nonhundred-percent-fullwidth non-hundred-percent-height-scrolling\" style=\"--awb-border-radius-top-left:0px;--awb-border-radius-top-right:0px;--awb-border-radius-bottom-right:0px;--awb-border-radius-bottom-left:0px;--awb-flex-wrap:wrap;\" ><div class=\"fusion-builder-row fusion-row fusion-flex-align-items-flex-start fusion-flex-content-wrap\" style=\"max-width:1144px;margin-left: calc(-4% \/ 2 );margin-right: calc(-4% \/ 2 );\"><div class=\"fusion-layout-column fusion_builder_column fusion-builder-column-0 fusion_builder_column_1_1 1_1 fusion-flex-column\" style=\"--awb-bg-size:cover;--awb-width-large:100%;--awb-margin-top-large:0px;--awb-spacing-right-large:1.92%;--awb-margin-bottom-large:0px;--awb-spacing-left-large:1.92%;--awb-width-medium:100%;--awb-spacing-right-medium:1.92%;--awb-spacing-left-medium:1.92%;--awb-width-small:100%;--awb-spacing-right-small:1.92%;--awb-spacing-left-small:1.92%;\"><div class=\"fusion-column-wrapper fusion-flex-justify-content-flex-start fusion-content-layout-column\"><div class=\"fusion-text fusion-text-1\"><h1>Horoz electric<\/h1>\n<hr>\n<p><img decoding=\"async\" class=\"alignright wp-image-2770\" src=\"https:\/\/www.tehno-inde.com\/wp-content\/uploads\/2025\/09\/horoz3.jpg\" alt=\"\" width=\"489\" height=\"373\" srcset=\"https:\/\/www.tehno-inde.com\/wp-content\/uploads\/2025\/09\/horoz3-150x114.jpg 150w, https:\/\/www.tehno-inde.com\/wp-content\/uploads\/2025\/09\/horoz3-200x153.jpg 200w, https:\/\/www.tehno-inde.com\/wp-content\/uploads\/2025\/09\/horoz3-300x229.jpg 300w, https:\/\/www.tehno-inde.com\/wp-content\/uploads\/2025\/09\/horoz3-400x305.jpg 400w, https:\/\/www.tehno-inde.com\/wp-content\/uploads\/2025\/09\/horoz3.jpg 560w\" sizes=\"(max-width: 489px) 100vw, 489px\" \/>Iz velike ponude proizvoda, mo\u017eemo izdvojiti sljede\u0107e:<br \/>&#8211; Motalice za produ\u017ene kablove sa \u0161uko uti\u010dnicama (sa i bez za\u0161titnog poklopca i osigura\u010da).<br \/>&#8211; \u0160uko utika\u010di i uti\u010dnice \u2013 monta\u017ea na produ\u017eni kabal.<br \/>&#8211; Gumeni produ\u017eni kablovi raznih du\u017eina (15m i 20m).<br \/>&#8211; Svjetiljka sa senzorom 3600 \u2013 plafonjerka (bijela i crna).<br \/>&#8211; Nadgradne i ugradne instalacione table za do 24 modula.<br \/>&#8211; PVC ormari\u0107i.<br \/>&#8211; Ventilatori za ventilacione sisteme (kupatila, poslovni prostori\u2026..)<\/p>\n<\/div><div class=\"fusion-text fusion-text-2 fusion-text-no-margin\" style=\"--awb-margin-bottom:20px;\"><p><img decoding=\"async\" class=\"wp-image-2778 alignright\" src=\"https:\/\/www.tehno-inde.com\/wp-content\/uploads\/2025\/09\/exen.jpg\" alt=\"\" width=\"414\" height=\"412\" srcset=\"https:\/\/www.tehno-inde.com\/wp-content\/uploads\/2025\/09\/exen-66x66.jpg 66w, https:\/\/www.tehno-inde.com\/wp-content\/uploads\/2025\/09\/exen-150x150.jpg 150w, https:\/\/www.tehno-inde.com\/wp-content\/uploads\/2025\/09\/exen-200x199.jpg 200w, https:\/\/www.tehno-inde.com\/wp-content\/uploads\/2025\/09\/exen-300x300.jpg 300w, https:\/\/www.tehno-inde.com\/wp-content\/uploads\/2025\/09\/exen-400x398.jpg 400w, https:\/\/www.tehno-inde.com\/wp-content\/uploads\/2025\/09\/exen.jpg 500w\" sizes=\"(max-width: 414px) 100vw, 414px\" \/>U grupaciji Horoz Elektrik, posluje firma EXEN <a href=\"https:\/\/exenelektrik.com\/urun-listesi\" target=\"_blank\" rel=\"noopener\">https:\/\/exenelektrik.com\/urun-listesi<\/a> koja ima u ponudi elektro instalacionu opremu.<\/p>\n<p>Sa svojim iskusnim timom, EXEN ima za cilj da pru\u017ei korisni\u010dki orijentisana, pouzdana i inovativna rje\u0161enja. Proizvodi proizvode koji su u skladu sa TSE i evropskim standardima, testiraju\u0107i ih u svojoj internoj laboratoriji prema ISO standardima. Sa jakim, inovativnim i dinami\u010dnim proizvodnim procesom, EXEN je sposoban da pru\u017ei trenutna i brza rje\u0161enja za sve potrebe svojih kupaca. Zahvaljuju\u0107i svom pristupu usmjerenom na kreiranje dizajna orijentisanih ka rje\u0161enjima, nudi kombinaciju kvaliteta i upotrebljivosti. (IEC 60669-1, IEC 60884-1, ISO 9001:2015, ISO 10002:2018). Ima u ponudi tri serije proizvoda (razne vrste instalacionih prekida\u010da i uti\u010dnica): KAREL, CONFORT i ODAK.<\/p>\n<p>Iz veoma \u0161iroke palate, mo\u017eemo izdvojiti artikle.<\/p>\n<\/div><div class=\"fusion-text fusion-text-3\"><h1>F&amp;F<\/h1>\n<hr>\n<p><img decoding=\"async\" class=\"alignright wp-image-2126\" src=\"https:\/\/www.tehno-inde.com\/wp-content\/uploads\/2020\/12\/ff2.jpg\" alt=\"\" width=\"512\" height=\"570\" srcset=\"https:\/\/www.tehno-inde.com\/wp-content\/uploads\/2020\/12\/ff2-135x150.jpg 135w, https:\/\/www.tehno-inde.com\/wp-content\/uploads\/2020\/12\/ff2-200x223.jpg 200w, https:\/\/www.tehno-inde.com\/wp-content\/uploads\/2020\/12\/ff2-269x300.jpg 269w, https:\/\/www.tehno-inde.com\/wp-content\/uploads\/2020\/12\/ff2-400x446.jpg 400w, https:\/\/www.tehno-inde.com\/wp-content\/uploads\/2020\/12\/ff2.jpg 560w\" sizes=\"(max-width: 512px) 100vw, 512px\" \/><a href=\"https:\/\/www.tehno-inde.com\/wp-content\/uploads\/2020\/12\/Katalog_FF_Tehno-Inde.pdf\">AS-223 (stepeni\u0161ni automat)<br \/>AZ-112 (foto osjetljivi rele-FOREL)<br \/>PLUS (spoljna foto sonda za AZ-112)<br \/>CKF-317 (rele nadzora faza)<br \/>BIS-411 (bistabilni rele)<br \/>PCG-417 DUO (rele zvijezda-trougao)<br \/>PCU-511 (multifunkcionalni vremenski rele)<br \/>PCA-512 (vremenski rele sa odlo\u017eenim isklju\u010denjem \u201eoff-delay\u201c)<br \/>PCR-513 (vremenski rele sa odlo\u017eenim uklju\u010divanjem \u201eon-delay\u201c)<br \/>PCU-520 (multifunkcionalni vremenski rele sa dva vremenska pode\u0161avanja)<br \/>PCS-516 UNI (vremenski rele sa 10 finkcija)<br \/>PCS-517 (vremenski rele sa 18 funkcija)<br \/>PK-1P 230V (1xCO elektromagnetni rele)<br \/>PK-2P 230V (2xCO elektromagnetni rele)<br \/>PK-3P 230V (3xCO elektromagnetni rele)<br \/>PK-4PR 230V (2xCO+2xNC elektromagnetni rele)<br \/>PK-4PZ 230V (2xCO+2xNO elektromagnetni rele)<br \/>LK-713K 230V (trofazni signalni indikator faza)<br \/>PZ-829RC 230V (rele kontrole nivoa te\u010dnosti \u2013 dva nivoa)<br \/>PZ-831RC 230V (rele kontrole nivoa te\u010dnosti \u2013 tri nivoa)<\/a><\/p>\n<p>&nbsp;<\/p>\n<p>U bro\u0161uri su navedeni samo neki proizvodi iz portofolija firme F&amp;F, i oni su roba na na\u0161em lageru, dok se ostala roba nabavlja i isporu\u010duje po zahtjevu kupca. U zavisnosti od stanja na skladi\u0161tima proizvo\u0111a\u010da, isporuka je obi\u010dno u kratkom vremenskom roku.<\/p>\n<p>Cijeli proizvodni program poljske firme F&amp;F se mo\u017ee pogledati na linku <a href=\"https:\/\/www.fif.com.pl\/en\/\" target=\"_blank\" rel=\"noopener\">https:\/\/www.fif.com.pl\/en\/<\/a><\/p>\n<p><img decoding=\"async\" class=\"aligncenter size-full wp-image-2066\" src=\"https:\/\/www.tehno-inde.com\/wp-content\/uploads\/2020\/12\/logoff.jpg\" alt=\"\" width=\"700\" height=\"402\" srcset=\"https:\/\/www.tehno-inde.com\/wp-content\/uploads\/2020\/12\/logoff-150x86.jpg 150w, https:\/\/www.tehno-inde.com\/wp-content\/uploads\/2020\/12\/logoff-200x115.jpg 200w, https:\/\/www.tehno-inde.com\/wp-content\/uploads\/2020\/12\/logoff-300x172.jpg 300w, https:\/\/www.tehno-inde.com\/wp-content\/uploads\/2020\/12\/logoff-400x230.jpg 400w, https:\/\/www.tehno-inde.com\/wp-content\/uploads\/2020\/12\/logoff-600x345.jpg 600w, https:\/\/www.tehno-inde.com\/wp-content\/uploads\/2020\/12\/logoff.jpg 700w\" sizes=\"(max-width: 700px) 100vw, 700px\" \/><\/p>\n<\/div><\/div><\/div><\/div><\/div>\n","protected":false},"excerpt":{"rendered":"","protected":false},"author":1,"featured_media":2069,"parent":0,"menu_order":0,"comment_status":"closed","ping_status":"closed","template":"100-width.php","meta":{"ngg_post_thumbnail":0,"footnotes":""},"class_list":["post-2758","page","type-page","status-publish","has-post-thumbnail","hentry"],"aioseo_notices":[],"_links":{"self":[{"href":"https:\/\/www.tehno-inde.com\/sr\/wp-json\/wp\/v2\/pages\/2758","targetHints":{"allow":["GET"]}}],"collection":[{"href":"https:\/\/www.tehno-inde.com\/sr\/wp-json\/wp\/v2\/pages"}],"about":[{"href":"https:\/\/www.tehno-inde.com\/sr\/wp-json\/wp\/v2\/types\/page"}],"author":[{"embeddable":true,"href":"https:\/\/www.tehno-inde.com\/sr\/wp-json\/wp\/v2\/users\/1"}],"replies":[{"embeddable":true,"href":"https:\/\/www.tehno-inde.com\/sr\/wp-json\/wp\/v2\/comments?post=2758"}],"version-history":[{"count":3,"href":"https:\/\/www.tehno-inde.com\/sr\/wp-json\/wp\/v2\/pages\/2758\/revisions"}],"predecessor-version":[{"id":2796,"href":"https:\/\/www.tehno-inde.com\/sr\/wp-json\/wp\/v2\/pages\/2758\/revisions\/2796"}],"wp:featuredmedia":[{"embeddable":true,"href":"https:\/\/www.tehno-inde.com\/sr\/wp-json\/wp\/v2\/media\/2069"}],"wp:attachment":[{"href":"https:\/\/www.tehno-inde.com\/sr\/wp-json\/wp\/v2\/media?parent=2758"}],"curies":[{"name":"wp","href":"https:\/\/api.w.org\/{rel}","templated":true}]}}