{"id":247,"date":"2019-05-02T11:14:33","date_gmt":"2019-05-02T09:14:33","guid":{"rendered":"http:\/\/tehno-inde.com\/pocetna\/"},"modified":"2025-09-24T19:52:17","modified_gmt":"2025-09-24T17:52:17","slug":"pocetna","status":"publish","type":"page","link":"https:\/\/www.tehno-inde.com\/sr\/","title":{"rendered":"Po\u010detna"},"content":{"rendered":"<p><div class=\"fusion-fullwidth fullwidth-box fusion-builder-row-1 nonhundred-percent-fullwidth non-hundred-percent-height-scrolling\" style=\"--awb-border-radius-top-left:0px;--awb-border-radius-top-right:0px;--awb-border-radius-bottom-right:0px;--awb-border-radius-bottom-left:0px;--awb-padding-top:-30px;--awb-padding-right:-30px;--awb-padding-bottom:-30px;--awb-padding-left:-30px;--awb-flex-wrap:wrap;\" ><div class=\"fusion-builder-row fusion-row\"><div class=\"fusion-layout-column fusion_builder_column fusion-builder-column-0 fusion_builder_column_1_1 1_1 fusion-one-full fusion-column-first fusion-column-last\" style=\"--awb-padding-top:-30px;--awb-padding-bottom:-30px;--awb-bg-size:cover;--awb-margin-top:-30px;--awb-margin-bottom:-30px;\"><div class=\"fusion-column-wrapper fusion-flex-column-wrapper-legacy\"><div class=\"fusion-slider-sc fusion-flexslider-loading flexslider flexslider-hover-type-none\" data-slideshow_autoplay=\"1\" data-slideshow_smooth_height=\"0\" data-slideshow_speed=\"7000\" style=\"max-width:100%;height:100%;\"><ul class=\"slides\"><li class=\"image\"><span class=\"fusion-image-hover-element hover-type-none\"><img decoding=\"async\" src=\"https:\/\/www.tehno-inde.com\/wp-content\/uploads\/2019\/05\/photo01.jpg\" width=\"1050\" height=\"350\" class=\"wp-image-251\" srcset=\"https:\/\/www.tehno-inde.com\/wp-content\/uploads\/2019\/05\/photo01-200x67.jpg 200w, https:\/\/www.tehno-inde.com\/wp-content\/uploads\/2019\/05\/photo01-400x133.jpg 400w, https:\/\/www.tehno-inde.com\/wp-content\/uploads\/2019\/05\/photo01-600x200.jpg 600w, https:\/\/www.tehno-inde.com\/wp-content\/uploads\/2019\/05\/photo01-800x267.jpg 800w, https:\/\/www.tehno-inde.com\/wp-content\/uploads\/2019\/05\/photo01.jpg 1050w\" sizes=\"(max-width: 800px) 100vw, 1050px\" \/><\/span><\/li><li class=\"image\"><span class=\"fusion-image-hover-element hover-type-none\"><img decoding=\"async\" src=\"https:\/\/www.tehno-inde.com\/wp-content\/uploads\/2019\/09\/photo11.jpg\" width=\"1050\" height=\"350\" class=\"wp-image-1900\" srcset=\"https:\/\/www.tehno-inde.com\/wp-content\/uploads\/2019\/09\/photo11-200x67.jpg 200w, https:\/\/www.tehno-inde.com\/wp-content\/uploads\/2019\/09\/photo11-400x133.jpg 400w, https:\/\/www.tehno-inde.com\/wp-content\/uploads\/2019\/09\/photo11-600x200.jpg 600w, https:\/\/www.tehno-inde.com\/wp-content\/uploads\/2019\/09\/photo11-800x267.jpg 800w, https:\/\/www.tehno-inde.com\/wp-content\/uploads\/2019\/09\/photo11.jpg 1050w\" sizes=\"(max-width: 800px) 100vw, 1050px\" \/><\/span><\/li><li class=\"image\"><span class=\"fusion-image-hover-element hover-type-none\"><img decoding=\"async\" src=\"https:\/\/www.tehno-inde.com\/wp-content\/uploads\/2019\/09\/photo12.jpg\" width=\"1050\" height=\"350\" class=\"wp-image-1904\" srcset=\"https:\/\/www.tehno-inde.com\/wp-content\/uploads\/2019\/09\/photo12-200x67.jpg 200w, https:\/\/www.tehno-inde.com\/wp-content\/uploads\/2019\/09\/photo12-400x133.jpg 400w, https:\/\/www.tehno-inde.com\/wp-content\/uploads\/2019\/09\/photo12-600x200.jpg 600w, https:\/\/www.tehno-inde.com\/wp-content\/uploads\/2019\/09\/photo12-800x267.jpg 800w, https:\/\/www.tehno-inde.com\/wp-content\/uploads\/2019\/09\/photo12.jpg 1050w\" sizes=\"(max-width: 800px) 100vw, 1050px\" \/><\/span><\/li><li class=\"image\"><span class=\"fusion-image-hover-element hover-type-none\"><img decoding=\"async\" src=\"https:\/\/www.tehno-inde.com\/wp-content\/uploads\/2019\/09\/photo13.jpg\" width=\"1050\" height=\"350\" class=\"wp-image-1908\" srcset=\"https:\/\/www.tehno-inde.com\/wp-content\/uploads\/2019\/09\/photo13-200x67.jpg 200w, https:\/\/www.tehno-inde.com\/wp-content\/uploads\/2019\/09\/photo13-400x133.jpg 400w, https:\/\/www.tehno-inde.com\/wp-content\/uploads\/2019\/09\/photo13-600x200.jpg 600w, https:\/\/www.tehno-inde.com\/wp-content\/uploads\/2019\/09\/photo13-800x267.jpg 800w, https:\/\/www.tehno-inde.com\/wp-content\/uploads\/2019\/09\/photo13.jpg 1050w\" sizes=\"(max-width: 800px) 100vw, 1050px\" \/><\/span><\/li><li class=\"image\"><span class=\"fusion-image-hover-element hover-type-none\"><img decoding=\"async\" src=\"https:\/\/www.tehno-inde.com\/wp-content\/uploads\/2019\/09\/photo14.jpg\" width=\"1050\" height=\"350\" class=\"wp-image-1912\" srcset=\"https:\/\/www.tehno-inde.com\/wp-content\/uploads\/2019\/09\/photo14-200x67.jpg 200w, https:\/\/www.tehno-inde.com\/wp-content\/uploads\/2019\/09\/photo14-400x133.jpg 400w, https:\/\/www.tehno-inde.com\/wp-content\/uploads\/2019\/09\/photo14-600x200.jpg 600w, https:\/\/www.tehno-inde.com\/wp-content\/uploads\/2019\/09\/photo14-800x267.jpg 800w, https:\/\/www.tehno-inde.com\/wp-content\/uploads\/2019\/09\/photo14.jpg 1050w\" sizes=\"(max-width: 800px) 100vw, 1050px\" \/><\/span><\/li><li class=\"image\"><span class=\"fusion-image-hover-element hover-type-none\"><img decoding=\"async\" src=\"https:\/\/www.tehno-inde.com\/wp-content\/uploads\/2019\/09\/photo15.jpg\" width=\"1050\" height=\"350\" class=\"wp-image-1916\" srcset=\"https:\/\/www.tehno-inde.com\/wp-content\/uploads\/2019\/09\/photo15-200x67.jpg 200w, https:\/\/www.tehno-inde.com\/wp-content\/uploads\/2019\/09\/photo15-400x133.jpg 400w, https:\/\/www.tehno-inde.com\/wp-content\/uploads\/2019\/09\/photo15-600x200.jpg 600w, https:\/\/www.tehno-inde.com\/wp-content\/uploads\/2019\/09\/photo15-800x267.jpg 800w, https:\/\/www.tehno-inde.com\/wp-content\/uploads\/2019\/09\/photo15.jpg 1050w\" sizes=\"(max-width: 800px) 100vw, 1050px\" \/><\/span><\/li><li class=\"image\"><span class=\"fusion-image-hover-element hover-type-none\"><img decoding=\"async\" src=\"https:\/\/www.tehno-inde.com\/wp-content\/uploads\/2019\/09\/photo16.jpg\" width=\"1050\" height=\"350\" class=\"wp-image-1920\" srcset=\"https:\/\/www.tehno-inde.com\/wp-content\/uploads\/2019\/09\/photo16-200x67.jpg 200w, https:\/\/www.tehno-inde.com\/wp-content\/uploads\/2019\/09\/photo16-400x133.jpg 400w, https:\/\/www.tehno-inde.com\/wp-content\/uploads\/2019\/09\/photo16-600x200.jpg 600w, https:\/\/www.tehno-inde.com\/wp-content\/uploads\/2019\/09\/photo16-800x267.jpg 800w, https:\/\/www.tehno-inde.com\/wp-content\/uploads\/2019\/09\/photo16.jpg 1050w\" sizes=\"(max-width: 800px) 100vw, 1050px\" \/><\/span><\/li><li class=\"image\"><span class=\"fusion-image-hover-element hover-type-none\"><img decoding=\"async\" src=\"https:\/\/www.tehno-inde.com\/wp-content\/uploads\/2019\/09\/photo17.jpg\" width=\"1050\" height=\"350\" class=\"wp-image-1924\" srcset=\"https:\/\/www.tehno-inde.com\/wp-content\/uploads\/2019\/09\/photo17-200x67.jpg 200w, https:\/\/www.tehno-inde.com\/wp-content\/uploads\/2019\/09\/photo17-400x133.jpg 400w, https:\/\/www.tehno-inde.com\/wp-content\/uploads\/2019\/09\/photo17-600x200.jpg 600w, https:\/\/www.tehno-inde.com\/wp-content\/uploads\/2019\/09\/photo17-800x267.jpg 800w, https:\/\/www.tehno-inde.com\/wp-content\/uploads\/2019\/09\/photo17.jpg 1050w\" sizes=\"(max-width: 800px) 100vw, 1050px\" \/><\/span><\/li><li class=\"image\"><span class=\"fusion-image-hover-element hover-type-none\"><img decoding=\"async\" src=\"https:\/\/www.tehno-inde.com\/wp-content\/uploads\/2019\/09\/photo18.jpg\" width=\"1050\" height=\"350\" class=\"wp-image-1928\" srcset=\"https:\/\/www.tehno-inde.com\/wp-content\/uploads\/2019\/09\/photo18-200x67.jpg 200w, https:\/\/www.tehno-inde.com\/wp-content\/uploads\/2019\/09\/photo18-400x133.jpg 400w, https:\/\/www.tehno-inde.com\/wp-content\/uploads\/2019\/09\/photo18-600x200.jpg 600w, https:\/\/www.tehno-inde.com\/wp-content\/uploads\/2019\/09\/photo18-800x267.jpg 800w, https:\/\/www.tehno-inde.com\/wp-content\/uploads\/2019\/09\/photo18.jpg 1050w\" sizes=\"(max-width: 800px) 100vw, 1050px\" \/><\/span><\/li><\/ul><\/div><div class=\"fusion-clearfix\"><\/div><\/div><\/div><\/div><\/div><div class=\"fusion-fullwidth fullwidth-box fusion-builder-row-2 nonhundred-percent-fullwidth non-hundred-percent-height-scrolling\" style=\"--awb-border-radius-top-left:0px;--awb-border-radius-top-right:0px;--awb-border-radius-bottom-right:0px;--awb-border-radius-bottom-left:0px;--awb-flex-wrap:wrap;\" ><div class=\"fusion-builder-row fusion-row\"><div class=\"fusion-layout-column fusion_builder_column fusion-builder-column-1 fusion_builder_column_1_1 1_1 fusion-one-full fusion-column-first fusion-column-last\" style=\"--awb-bg-size:cover;\"><div class=\"fusion-column-wrapper fusion-flex-column-wrapper-legacy\"><div class=\"fusion-title title fusion-title-1 sep-underline sep-solid fusion-title-text fusion-title-size-one\" style=\"--awb-margin-top-small:0px;--awb-margin-right-small:0px;--awb-margin-bottom-small:20px;--awb-margin-left-small:0px;\"><h1 class=\"fusion-title-heading title-heading-left\" style=\"margin:0;\">O NAMA<\/h1><\/div><div class=\"fusion-clearfix\"><\/div><\/div><\/div><div class=\"fusion-layout-column fusion_builder_column fusion-builder-column-2 fusion_builder_column_1_2 1_2 fusion-one-half fusion-column-first\" style=\"--awb-bg-size:cover;width:50%;width:calc(50% - ( ( 4% ) * 0.5 ) );margin-right: 4%;\"><div class=\"fusion-column-wrapper fusion-flex-column-wrapper-legacy\"><div class=\"fusion-text fusion-text-1\"><p>Tehno-inde d.o.o. je nastao 1999. godine spajanjem dva preduze\u0107a &#8222;Tehno market&#8220;, Banjaluka i Inde-invalidske delavice, Koper. 2005. godine otkupili smo udio vlasni\u0161tva Inde-invalidske delavice, Koper i postali 100% vlasnici kapitala preduze\u0107a.<\/p>\n<p>Tokom svih ovih godina trudili smo se da na\u0161e proizvode usavr\u0161avamo u skladu sa zahtjevima i potrebama na\u0161ih kupaca.<\/p>\n<p>Danas u proizvodnom asortimanu imamo preko dvije stotine razli\u010ditih artikala kao \u0161to su: rebraste cijevi, kanali, krute cijevi za elektroinstalacije i prate\u0107i pribor, pod\u017ebukne i nad\u017ebukne razvodne kutije, poklopci, obujmice za kablove i vezice, plasti\u010dni razvodni ormari,razdjelni ormari, oprema za metalne razvodne ormare, motalice za kablove, reviziona vrata i sl.<\/p>\n<p>Posebno smo ponosni na sabirni\u010dki sistem TISA 400, koji je ispitan i atestiran u ovla\u0161tenoj laboratoriji.<\/p>\n<p>Pored vlastite proizvodnje u prodajnom asortimanu imamo automatske osigura\u010de, kablove, razvodne table za automatske osigura\u010de, program prekida\u010da i uti\u010dnica, program rasvjete za poslovne objekte, led rasvjetu itd.<\/p>\n<\/div><div class=\"fusion-clearfix\"><\/div><\/div><\/div><div class=\"fusion-layout-column fusion_builder_column fusion-builder-column-3 fusion_builder_column_1_2 1_2 fusion-one-half fusion-column-last\" style=\"--awb-bg-size:cover;width:50%;width:calc(50% - ( ( 4% ) * 0.5 ) );\"><div class=\"fusion-column-wrapper fusion-flex-column-wrapper-legacy\"><div class=\"fusion-text fusion-text-2\"><p>Mo\u017eemo slobodno re\u0107i da smo spremni i sposobni da odgovorimo na sve specifi\u010dne zahtjeve na\u0161ih kupaca za izradu, kako artikala iz segmenta elektro-materijala tako i drugih programa i djelatnosti.<\/p>\n<p>Tehno-inde d.o.o. je od 2020. godine postao distributer poljskog proizvo\u0111a\u010da relejne opreme F&amp;F <a href=\"https:\/\/www.fif.com.pl\/en\/\" target=\"_blank\" rel=\"noopener\">https:\/\/www.fif.com.pl\/en\/<\/a> koji uklju\u010duje vremenske releje, stubi\u0161ne (stepeni\u0161ne) automate, relej nadzora faza, multifunkcionalne vremenske releje, relej kontrole nivoa te\u010dnosti, svjetlosne releje &#8211; FOREL, GSM daljinsku kontrolu, pametne ku\u0107e, video interkom monitore, sobne termostate i Wi-Fi kontrole.<\/p>\n<p>Od 2024. godine smo postali zvani\u010dni distributer proizvoda turske firme HOROZ <a href=\"https:\/\/www.horozelektrik.com\/\" target=\"_blank\" rel=\"noopener\">https:\/\/www.horozelektrik.com\/<\/a>. Iz \u0161iroke palate proizvoda izdvajamo: gumene utika\u010de i uti\u010dnice, motalice za produ\u017eni kabal, ventilatori za ventilacione sisteme, svjetiljke (plafonjerke) sa senzorom, nadgradna table za 4 i 8 modula, ugradna table za 8, 12, 16 i 24 modula, plasti\u010dni ormari, gumeni produ\u017eni kablovi, p\/\u017e instalacione uti\u010dnice i prekida\u010di<\/p>\n<\/div><div class=\"fusion-clearfix\"><\/div><\/div><\/div><div class=\"fusion-layout-column fusion_builder_column fusion-builder-column-4 fusion_builder_column_1_1 1_1 fusion-one-full fusion-column-first fusion-column-last\" style=\"--awb-bg-size:cover;\"><div class=\"fusion-column-wrapper fusion-flex-column-wrapper-legacy\"><div class=\"fusion-title title fusion-title-2 sep-underline sep-solid fusion-title-text fusion-title-size-one\" style=\"--awb-margin-top-small:0px;--awb-margin-right-small:0px;--awb-margin-bottom-small:20px;--awb-margin-left-small:0px;\"><h1 class=\"fusion-title-heading title-heading-left\" style=\"margin:0;\">NOVO U PONUDI<\/h1><\/div><div class=\"fusion-clearfix\"><\/div><\/div><\/div><div class=\"fusion-layout-column fusion_builder_column fusion-builder-column-5 fusion_builder_column_1_5 1_5 fusion-one-fifth fusion-column-first\" style=\"--awb-bg-size:cover;width:20%;width:calc(20% - ( ( 4% + 4% + 4% + 4% ) * 0.2 ) );margin-right: 4%;\"><div class=\"fusion-column-wrapper fusion-flex-column-wrapper-legacy\"><div class=\"fusion-text fusion-text-3\"><p style=\"text-align: center;\"><strong><a href=\"https:\/\/www.tehno-inde.com\/kablovske-stezaljke\/\">KABLOVSKE STEZALJKE<\/a><\/strong><\/p>\n<\/div><div class=\"fusion-image-element fusion-image-align-center in-legacy-container\" style=\"text-align:center;--awb-caption-title-font-family:var(--h2_typography-font-family);--awb-caption-title-font-weight:var(--h2_typography-font-weight);--awb-caption-title-font-style:var(--h2_typography-font-style);--awb-caption-title-size:var(--h2_typography-font-size);--awb-caption-title-transform:var(--h2_typography-text-transform);--awb-caption-title-line-height:var(--h2_typography-line-height);--awb-caption-title-letter-spacing:var(--h2_typography-letter-spacing);\"><div class=\"imageframe-align-center\"><span class=\" fusion-imageframe imageframe-none imageframe-1 hover-type-none\"><a class=\"fusion-no-lightbox\" href=\"\/?p=2357\" target=\"_self\" aria-label=\"stezaljke\"><img decoding=\"async\" width=\"1024\" height=\"683\" src=\"https:\/\/www.tehno-inde.com\/wp-content\/uploads\/2023\/03\/stezaljke.jpg\" alt class=\"img-responsive wp-image-2361\" srcset=\"https:\/\/www.tehno-inde.com\/wp-content\/uploads\/2023\/03\/stezaljke-200x133.jpg 200w, https:\/\/www.tehno-inde.com\/wp-content\/uploads\/2023\/03\/stezaljke-400x267.jpg 400w, https:\/\/www.tehno-inde.com\/wp-content\/uploads\/2023\/03\/stezaljke-600x400.jpg 600w, https:\/\/www.tehno-inde.com\/wp-content\/uploads\/2023\/03\/stezaljke-800x534.jpg 800w, https:\/\/www.tehno-inde.com\/wp-content\/uploads\/2023\/03\/stezaljke.jpg 1024w\" sizes=\"(max-width: 800px) 100vw, 200px\" \/><\/a><\/span><\/div><\/div><div class=\"fusion-clearfix\"><\/div><\/div><\/div><div class=\"fusion-layout-column fusion_builder_column fusion-builder-column-6 fusion_builder_column_1_5 1_5 fusion-one-fifth\" style=\"--awb-bg-size:cover;width:20%;width:calc(20% - ( ( 4% + 4% + 4% + 4% ) * 0.2 ) );margin-right: 4%;\"><div class=\"fusion-column-wrapper fusion-flex-column-wrapper-legacy\"><div class=\"fusion-text fusion-text-4\"><p style=\"text-align: center;\"><strong><a href=\"https:\/\/www.tehno-inde.com\/bravica\/\">BRAVICA<\/a><\/strong><\/p>\n<\/div><div class=\"fusion-image-element fusion-image-align-center in-legacy-container\" style=\"text-align:center;--awb-caption-title-font-family:var(--h2_typography-font-family);--awb-caption-title-font-weight:var(--h2_typography-font-weight);--awb-caption-title-font-style:var(--h2_typography-font-style);--awb-caption-title-size:var(--h2_typography-font-size);--awb-caption-title-transform:var(--h2_typography-text-transform);--awb-caption-title-line-height:var(--h2_typography-line-height);--awb-caption-title-letter-spacing:var(--h2_typography-letter-spacing);\"><div class=\"imageframe-align-center\"><span class=\" fusion-imageframe imageframe-none imageframe-2 hover-type-none\"><a class=\"fusion-no-lightbox\" href=\"\/?p=2414\" target=\"_self\" aria-label=\"bravica\"><img decoding=\"async\" width=\"1024\" height=\"683\" src=\"https:\/\/www.tehno-inde.com\/wp-content\/uploads\/2023\/03\/bravica.jpg\" alt class=\"img-responsive wp-image-2418\" srcset=\"https:\/\/www.tehno-inde.com\/wp-content\/uploads\/2023\/03\/bravica-200x133.jpg 200w, https:\/\/www.tehno-inde.com\/wp-content\/uploads\/2023\/03\/bravica-400x267.jpg 400w, https:\/\/www.tehno-inde.com\/wp-content\/uploads\/2023\/03\/bravica-600x400.jpg 600w, https:\/\/www.tehno-inde.com\/wp-content\/uploads\/2023\/03\/bravica-800x534.jpg 800w, https:\/\/www.tehno-inde.com\/wp-content\/uploads\/2023\/03\/bravica.jpg 1024w\" sizes=\"(max-width: 800px) 100vw, 200px\" \/><\/a><\/span><\/div><\/div><div class=\"fusion-clearfix\"><\/div><\/div><\/div><div class=\"fusion-layout-column fusion_builder_column fusion-builder-column-7 fusion_builder_column_1_5 1_5 fusion-one-fifth\" style=\"--awb-bg-size:cover;width:20%;width:calc(20% - ( ( 4% + 4% + 4% + 4% ) * 0.2 ) );margin-right: 4%;\"><div class=\"fusion-column-wrapper fusion-flex-column-wrapper-legacy\"><div class=\"fusion-text fusion-text-5\"><p style=\"text-align: center;\"><strong><a href=\"https:\/\/www.tehno-inde.com\/slivnik\/\">SLIVNIK<\/a><\/strong><\/p>\n<\/div><div class=\"fusion-image-element fusion-image-align-center in-legacy-container\" style=\"text-align:center;--awb-caption-title-font-family:var(--h2_typography-font-family);--awb-caption-title-font-weight:var(--h2_typography-font-weight);--awb-caption-title-font-style:var(--h2_typography-font-style);--awb-caption-title-size:var(--h2_typography-font-size);--awb-caption-title-transform:var(--h2_typography-text-transform);--awb-caption-title-line-height:var(--h2_typography-line-height);--awb-caption-title-letter-spacing:var(--h2_typography-letter-spacing);\"><div class=\"imageframe-align-center\"><span class=\" fusion-imageframe imageframe-none imageframe-3 hover-type-none\"><a class=\"fusion-no-lightbox\" href=\"\/slivnik\/\" target=\"_self\" aria-label=\"slivnik\"><img decoding=\"async\" width=\"1024\" height=\"683\" src=\"https:\/\/www.tehno-inde.com\/wp-content\/uploads\/2023\/03\/slivnik.jpg\" alt class=\"img-responsive wp-image-2375\" srcset=\"https:\/\/www.tehno-inde.com\/wp-content\/uploads\/2023\/03\/slivnik-200x133.jpg 200w, https:\/\/www.tehno-inde.com\/wp-content\/uploads\/2023\/03\/slivnik-400x267.jpg 400w, https:\/\/www.tehno-inde.com\/wp-content\/uploads\/2023\/03\/slivnik-600x400.jpg 600w, https:\/\/www.tehno-inde.com\/wp-content\/uploads\/2023\/03\/slivnik-800x534.jpg 800w, https:\/\/www.tehno-inde.com\/wp-content\/uploads\/2023\/03\/slivnik.jpg 1024w\" sizes=\"(max-width: 800px) 100vw, 200px\" \/><\/a><\/span><\/div><\/div><div class=\"fusion-clearfix\"><\/div><\/div><\/div><div class=\"fusion-layout-column fusion_builder_column fusion-builder-column-8 fusion_builder_column_1_5 1_5 fusion-one-fifth\" style=\"--awb-bg-size:cover;width:20%;width:calc(20% - ( ( 4% + 4% + 4% + 4% ) * 0.2 ) );margin-right: 4%;\"><div class=\"fusion-column-wrapper fusion-flex-column-wrapper-legacy\"><div class=\"fusion-text fusion-text-6\"><p style=\"text-align: center;\"><strong><a href=\"https:\/\/www.tehno-inde.com\/plocica-glenk-za-cipele\/\">PLO\u010cICA-GLENK ZA CIPELE<\/a><\/strong><\/p>\n<\/div><div class=\"fusion-image-element fusion-image-align-center in-legacy-container\" style=\"text-align:center;--awb-caption-title-font-family:var(--h2_typography-font-family);--awb-caption-title-font-weight:var(--h2_typography-font-weight);--awb-caption-title-font-style:var(--h2_typography-font-style);--awb-caption-title-size:var(--h2_typography-font-size);--awb-caption-title-transform:var(--h2_typography-text-transform);--awb-caption-title-line-height:var(--h2_typography-line-height);--awb-caption-title-letter-spacing:var(--h2_typography-letter-spacing);\"><div class=\"imageframe-align-center\"><span class=\" fusion-imageframe imageframe-none imageframe-4 hover-type-none\"><a class=\"fusion-no-lightbox\" href=\"https:\/\/www.tehno-inde.com\/plocica-glenk-za-cipele\/\" target=\"_self\" aria-label=\"plocica\"><img decoding=\"async\" width=\"1024\" height=\"683\" src=\"https:\/\/www.tehno-inde.com\/wp-content\/uploads\/2023\/03\/plocica.jpg\" alt class=\"img-responsive wp-image-2368\" srcset=\"https:\/\/www.tehno-inde.com\/wp-content\/uploads\/2023\/03\/plocica-200x133.jpg 200w, https:\/\/www.tehno-inde.com\/wp-content\/uploads\/2023\/03\/plocica-400x267.jpg 400w, https:\/\/www.tehno-inde.com\/wp-content\/uploads\/2023\/03\/plocica-600x400.jpg 600w, https:\/\/www.tehno-inde.com\/wp-content\/uploads\/2023\/03\/plocica-800x534.jpg 800w, https:\/\/www.tehno-inde.com\/wp-content\/uploads\/2023\/03\/plocica.jpg 1024w\" sizes=\"(max-width: 800px) 100vw, 200px\" \/><\/a><\/span><\/div><\/div><div class=\"fusion-clearfix\"><\/div><\/div><\/div><div class=\"fusion-layout-column fusion_builder_column fusion-builder-column-9 fusion_builder_column_1_5 1_5 fusion-one-fifth fusion-column-last\" style=\"--awb-bg-size:cover;width:20%;width:calc(20% - ( ( 4% + 4% + 4% + 4% ) * 0.2 ) );\"><div class=\"fusion-column-wrapper fusion-flex-column-wrapper-legacy\"><div class=\"fusion-text fusion-text-7\"><p style=\"text-align: center;\"><strong><a href=\"https:\/\/www.tehno-inde.com\/filter-slivnika\/\">FILTER SLIVNIKA<\/a><\/strong><\/p>\n<\/div><div class=\"fusion-image-element fusion-image-align-center in-legacy-container\" style=\"text-align:center;--awb-caption-title-font-family:var(--h2_typography-font-family);--awb-caption-title-font-weight:var(--h2_typography-font-weight);--awb-caption-title-font-style:var(--h2_typography-font-style);--awb-caption-title-size:var(--h2_typography-font-size);--awb-caption-title-transform:var(--h2_typography-text-transform);--awb-caption-title-line-height:var(--h2_typography-line-height);--awb-caption-title-letter-spacing:var(--h2_typography-letter-spacing);\"><div class=\"imageframe-align-center\"><span class=\" fusion-imageframe imageframe-none imageframe-5 hover-type-none\"><a class=\"fusion-no-lightbox\" href=\"https:\/\/www.tehno-inde.com\/plocica-glenk-za-cipele\/\" target=\"_self\" aria-label=\"filter1\"><img decoding=\"async\" width=\"200\" height=\"139\" src=\"https:\/\/www.tehno-inde.com\/wp-content\/uploads\/2025\/02\/filter1-200x139.jpg\" alt class=\"img-responsive wp-image-2705\" srcset=\"https:\/\/www.tehno-inde.com\/wp-content\/uploads\/2025\/02\/filter1-200x139.jpg 200w, https:\/\/www.tehno-inde.com\/wp-content\/uploads\/2025\/02\/filter1-400x279.jpg 400w, https:\/\/www.tehno-inde.com\/wp-content\/uploads\/2025\/02\/filter1.jpg 498w\" sizes=\"(max-width: 800px) 100vw, 200px\" \/><\/a><\/span><\/div><\/div><div class=\"fusion-clearfix\"><\/div><\/div><\/div><div class=\"fusion-layout-column fusion_builder_column fusion-builder-column-10 fusion_builder_column_1_1 1_1 fusion-one-full fusion-column-first fusion-column-last\" style=\"--awb-bg-size:cover;\"><div class=\"fusion-column-wrapper fusion-flex-column-wrapper-legacy\"><div class=\"fusion-title title fusion-title-3 sep-underline sep-solid fusion-title-text fusion-title-size-one\" style=\"--awb-margin-top-small:0px;--awb-margin-right-small:0px;--awb-margin-bottom-small:20px;--awb-margin-left-small:0px;\"><h1 class=\"fusion-title-heading title-heading-left\" style=\"margin:0;\">PROIZVODNI POGON<\/h1><\/div><div class=\"fusion-clearfix\"><\/div><\/div><\/div><div class=\"fusion-layout-column fusion_builder_column fusion-builder-column-11 fusion_builder_column_1_2 1_2 fusion-one-half fusion-column-first\" style=\"--awb-bg-size:cover;width:50%;width:calc(50% - ( ( 4% ) * 0.5 ) );margin-right: 4%;\"><div class=\"fusion-column-wrapper fusion-flex-column-wrapper-legacy\"><div class=\"fusion-video fusion-youtube\" style=\"--awb-max-width:600px;--awb-max-height:360px;\"><div class=\"video-shortcode\"><div class=\"fluid-width-video-wrapper\" style=\"padding-top:60%;\" ><iframe title=\"YouTube video player 1\" src=\"https:\/\/www.youtube.com\/embed\/jiA_jlk09Qk?wmode=transparent&autoplay=0\" width=\"600\" height=\"360\" allowfullscreen allow=\"autoplay; clipboard-write; encrypted-media; gyroscope; picture-in-picture;\"><\/iframe><\/div><\/div><\/div><div class=\"fusion-clearfix\"><\/div><\/div><\/div><div class=\"fusion-layout-column fusion_builder_column fusion-builder-column-12 fusion_builder_column_1_2 1_2 fusion-one-half fusion-column-last\" style=\"--awb-bg-size:cover;width:50%;width:calc(50% - ( ( 4% ) * 0.5 ) );\"><div class=\"fusion-column-wrapper fusion-flex-column-wrapper-legacy\"><div class=\"fusion-video fusion-youtube\" style=\"--awb-max-width:600px;--awb-max-height:360px;\"><div class=\"video-shortcode\"><div class=\"fluid-width-video-wrapper\" style=\"padding-top:60%;\" ><iframe title=\"YouTube video player 2\" src=\"https:\/\/www.youtube.com\/embed\/8t08sqQfWdM?wmode=transparent&autoplay=0\" width=\"600\" height=\"360\" allowfullscreen allow=\"autoplay; clipboard-write; encrypted-media; gyroscope; picture-in-picture;\"><\/iframe><\/div><\/div><\/div><div class=\"fusion-clearfix\"><\/div><\/div><\/div><\/div><\/div><\/p>\n","protected":false},"excerpt":{"rendered":"","protected":false},"author":1,"featured_media":0,"parent":0,"menu_order":0,"comment_status":"closed","ping_status":"closed","template":"","meta":{"ngg_post_thumbnail":0,"footnotes":""},"class_list":["post-247","page","type-page","status-publish","hentry"],"aioseo_notices":[],"_links":{"self":[{"href":"https:\/\/www.tehno-inde.com\/sr\/wp-json\/wp\/v2\/pages\/247","targetHints":{"allow":["GET"]}}],"collection":[{"href":"https:\/\/www.tehno-inde.com\/sr\/wp-json\/wp\/v2\/pages"}],"about":[{"href":"https:\/\/www.tehno-inde.com\/sr\/wp-json\/wp\/v2\/types\/page"}],"author":[{"embeddable":true,"href":"https:\/\/www.tehno-inde.com\/sr\/wp-json\/wp\/v2\/users\/1"}],"replies":[{"embeddable":true,"href":"https:\/\/www.tehno-inde.com\/sr\/wp-json\/wp\/v2\/comments?post=247"}],"version-history":[{"count":51,"href":"https:\/\/www.tehno-inde.com\/sr\/wp-json\/wp\/v2\/pages\/247\/revisions"}],"predecessor-version":[{"id":2769,"href":"https:\/\/www.tehno-inde.com\/sr\/wp-json\/wp\/v2\/pages\/247\/revisions\/2769"}],"wp:attachment":[{"href":"https:\/\/www.tehno-inde.com\/sr\/wp-json\/wp\/v2\/media?parent=247"}],"curies":[{"name":"wp","href":"https:\/\/api.w.org\/{rel}","templated":true}]}}