{"id":124,"date":"2019-04-29T15:51:24","date_gmt":"2019-04-29T13:51:24","guid":{"rendered":"http:\/\/tehno-inde.com\/reference\/"},"modified":"2019-06-18T11:19:15","modified_gmt":"2019-06-18T09:19:15","slug":"reference","status":"publish","type":"page","link":"https:\/\/www.tehno-inde.com\/sr\/reference\/","title":{"rendered":"Reference"},"content":{"rendered":"<div class=\"fusion-fullwidth fullwidth-box fusion-builder-row-1 nonhundred-percent-fullwidth non-hundred-percent-height-scrolling\" style=\"--awb-border-radius-top-left:0px;--awb-border-radius-top-right:0px;--awb-border-radius-bottom-right:0px;--awb-border-radius-bottom-left:0px;--awb-flex-wrap:wrap;\" ><div class=\"fusion-builder-row fusion-row\"><div class=\"fusion-layout-column fusion_builder_column fusion-builder-column-0 fusion_builder_column_1_2 1_2 fusion-one-half fusion-column-first\" style=\"--awb-bg-size:cover;width:50%;width:calc(50% - ( ( 4% ) * 0.5 ) );margin-right: 4%;\"><div class=\"fusion-column-wrapper fusion-column-has-shadow fusion-flex-column-wrapper-legacy\"><div class=\"fusion-text fusion-text-1\"><p>Na\u0161 elektroinstalacioni materijal ugra\u0111en je u slede\u0107e objekte:<br \/>\n\u2013 Zgrada Vlade RS, Banjaluka<br \/>\n\u2013 ATV, Banjaluka<br \/>\n\u2013 HAYAT TV, Vogo\u0161\u0107a<br \/>\n\u2013 BBI centar, Sarajevo<br \/>\n\u2013 BHT, Sarajevo<br \/>\n\u2013 Zgrada EUROHERTZ, Sarajevo<br \/>\n\u2013 Stadion Grbavica, Sarajevo<br \/>\n\u2013 Hidrogradnja, Alfa stanovi, Sarajevo<br \/>\n\u2013 Olimpijski bazen Incel, Banjaluka<br \/>\n\u2013 Merkator centar, Gradi\u0161ka<br \/>\n\u2013 Naplatne ku\u0107ice, Visoko<br \/>\n\u2013 Zgrada RTRS, Banjaluka<br \/>\n\u2013 Hotel Kardijal, Tesli\u0107<br \/>\n\u2013 Velefah, Cazin<br \/>\n\u2013 Hotel Halix, Prijedor<br \/>\n\u2013 Tr\u017eni centar Adna Comerc, Bosanska Krupa<br \/>\n\u2013 Op\u0107ina Bosanska Krupa, Bosanska Krupa<br \/>\n\u2013 Hotel Kostelski buk, Kostel komerc, Biha\u0107<br \/>\n\u2013 Ozimice, Biha\u0107<br \/>\n\u2013 Tr\u017eni centar Pleska, Bu\u017eim<br \/>\n\u2013 Po\u0161ta, Velika Kladu\u0161a<br \/>\n\u2013 ABS banke, Unsko-Sanski Kanton<br \/>\n\u2013 Bewo River Apartment, Banjaluka<br \/>\n\u2013 Magra, Banjaluka<br \/>\n\u2013 Raiffeisen Banka, Banjaluka, Doboj<br \/>\n\u2013 ICM TRADE salon i servis automobila Glamo\u010dani, Lakta\u0161i<br \/>\n\u2013 ASA PVA Sarajevo<br \/>\n\u2013 SN mre\u017ea 35kV Ugar (Novakovi\u0107i), Kne\u017eevo<br \/>\n\u2013 \u017dute zgrade \u2013 stambeno poslovni objekat<br \/>\n\u2013 Novi Borik \u2013 stambeni objekat<br \/>\n\u2013 M\u00fchlbauer poslovni objekat<br \/>\n\u2013 Rudnik Stanari<br \/>\n\u2013 Jevrejski kulturni centar<br \/>\n\u2013 Klini\u010dki centar Banja Luka \u2013 rekonstrukcija<br \/>\n&#8211; Delta Planet, Banjaluka<br \/>\n&#8211; RiverCity, Banjaluka,<br \/>\n&#8211; Marbo, Lakta\u0161i<br \/>\n&#8211; Zavod za fizikalnu medicinu i rehabilitaciju \u201cDr Miroslav Zotovi\u0107\u201d<br \/>\n&#8211; Vranica 2,3,4, Banjaluka<br \/>\n&#8211; SPO \u201cEstetika centar\u201d, Gradi\u0161ka<br \/>\n&#8211; Centra za obuku MUP-a, Zalu\u017eani<br \/>\n&#8211; Niskogradnja, Du\u0161ka Ko\u0161\u010dice, Banjaluka<\/p>\n<\/div><div class=\"fusion-clearfix\"><\/div><\/div><\/div><div class=\"fusion-layout-column fusion_builder_column fusion-builder-column-1 fusion_builder_column_1_2 1_2 fusion-one-half fusion-column-last\" style=\"--awb-bg-size:cover;width:50%;width:calc(50% - ( ( 4% ) * 0.5 ) );\"><div class=\"fusion-column-wrapper fusion-column-has-shadow fusion-flex-column-wrapper-legacy\"><div class=\"awb-gallery-wrapper awb-gallery-wrapper-1 button-span-no\"><div style=\"margin:-5px;--awb-bordersize:0px;\" class=\"fusion-gallery fusion-gallery-container fusion-grid-2 fusion-columns-total-6 fusion-gallery-layout-grid fusion-gallery-1\"><div style=\"padding:5px;\" class=\"fusion-grid-column fusion-gallery-column fusion-gallery-column-2 hover-type-none\"><div class=\"fusion-gallery-image\"><a href=\"https:\/\/www.tehno-inde.com\/wp-content\/uploads\/2019\/04\/raiffeisen-e1544723905798.jpg\" rel=\"noreferrer\" data-rel=\"iLightbox[gallery_image_1]\" class=\"fusion-lightbox\" target=\"_self\"><img decoding=\"async\" src=\"https:\/\/www.tehno-inde.com\/wp-content\/uploads\/2019\/04\/raiffeisen-e1544723905798.jpg\" width=\"792\" height=\"437\" alt=\"\" title=\"raiffeisen-e1544723905798\" aria-label=\"raiffeisen-e1544723905798\" class=\"img-responsive wp-image-105\" srcset=\"https:\/\/www.tehno-inde.com\/wp-content\/uploads\/2019\/04\/raiffeisen-e1544723905798-200x110.jpg 200w, https:\/\/www.tehno-inde.com\/wp-content\/uploads\/2019\/04\/raiffeisen-e1544723905798-400x221.jpg 400w, https:\/\/www.tehno-inde.com\/wp-content\/uploads\/2019\/04\/raiffeisen-e1544723905798-600x331.jpg 600w, https:\/\/www.tehno-inde.com\/wp-content\/uploads\/2019\/04\/raiffeisen-e1544723905798.jpg 792w\" sizes=\"(min-width: 2200px) 100vw, (min-width: 712px) 548px, (min-width: 640px) 712px, \" \/><\/a><\/div><\/div><div style=\"padding:5px;\" class=\"fusion-grid-column fusion-gallery-column fusion-gallery-column-2 hover-type-none\"><div class=\"fusion-gallery-image\"><a href=\"https:\/\/www.tehno-inde.com\/wp-content\/uploads\/2019\/04\/grbavica-stadium-e1544724076363.jpg\" rel=\"noreferrer\" data-rel=\"iLightbox[gallery_image_1]\" class=\"fusion-lightbox\" target=\"_self\"><img decoding=\"async\" src=\"https:\/\/www.tehno-inde.com\/wp-content\/uploads\/2019\/04\/grbavica-stadium-e1544724076363.jpg\" width=\"376\" height=\"209\" alt=\"\" title=\"grbavica-stadium-e1544724076363\" aria-label=\"grbavica-stadium-e1544724076363\" class=\"img-responsive wp-image-97\" srcset=\"https:\/\/www.tehno-inde.com\/wp-content\/uploads\/2019\/04\/grbavica-stadium-e1544724076363-200x111.jpg 200w, https:\/\/www.tehno-inde.com\/wp-content\/uploads\/2019\/04\/grbavica-stadium-e1544724076363.jpg 376w\" sizes=\"(min-width: 2200px) 100vw, (min-width: 712px) 548px, (min-width: 640px) 712px, \" \/><\/a><\/div><\/div><div class=\"clearfix\"><\/div><div style=\"padding:5px;\" class=\"fusion-grid-column fusion-gallery-column fusion-gallery-column-2 hover-type-none\"><div class=\"fusion-gallery-image\"><a href=\"https:\/\/www.tehno-inde.com\/wp-content\/uploads\/2019\/04\/atvbl-e1544723949122.jpg\" rel=\"noreferrer\" data-rel=\"iLightbox[gallery_image_1]\" class=\"fusion-lightbox\" target=\"_self\"><img decoding=\"async\" src=\"https:\/\/www.tehno-inde.com\/wp-content\/uploads\/2019\/04\/atvbl-e1544723949122.jpg\" width=\"800\" height=\"592\" alt=\"\" title=\"atvbl-e1544723949122\" aria-label=\"atvbl-e1544723949122\" class=\"img-responsive wp-image-93\" srcset=\"https:\/\/www.tehno-inde.com\/wp-content\/uploads\/2019\/04\/atvbl-e1544723949122-200x148.jpg 200w, https:\/\/www.tehno-inde.com\/wp-content\/uploads\/2019\/04\/atvbl-e1544723949122-400x296.jpg 400w, https:\/\/www.tehno-inde.com\/wp-content\/uploads\/2019\/04\/atvbl-e1544723949122-600x444.jpg 600w, https:\/\/www.tehno-inde.com\/wp-content\/uploads\/2019\/04\/atvbl-e1544723949122.jpg 800w\" sizes=\"(min-width: 2200px) 100vw, (min-width: 712px) 548px, (min-width: 640px) 712px, \" \/><\/a><\/div><\/div><div style=\"padding:5px;\" class=\"fusion-grid-column fusion-gallery-column fusion-gallery-column-2 hover-type-none\"><div class=\"fusion-gallery-image\"><a href=\"https:\/\/www.tehno-inde.com\/wp-content\/uploads\/2019\/04\/incel.jpg\" rel=\"noreferrer\" data-rel=\"iLightbox[gallery_image_1]\" class=\"fusion-lightbox\" target=\"_self\"><img decoding=\"async\" src=\"https:\/\/www.tehno-inde.com\/wp-content\/uploads\/2019\/04\/incel.jpg\" width=\"500\" height=\"375\" alt=\"\" title=\"incel\" aria-label=\"incel\" class=\"img-responsive wp-image-101\" srcset=\"https:\/\/www.tehno-inde.com\/wp-content\/uploads\/2019\/04\/incel-200x150.jpg 200w, https:\/\/www.tehno-inde.com\/wp-content\/uploads\/2019\/04\/incel-400x300.jpg 400w, https:\/\/www.tehno-inde.com\/wp-content\/uploads\/2019\/04\/incel.jpg 500w\" sizes=\"(min-width: 2200px) 100vw, (min-width: 712px) 548px, (min-width: 640px) 712px, \" \/><\/a><\/div><\/div><div class=\"clearfix\"><\/div><div style=\"padding:5px;\" class=\"fusion-grid-column fusion-gallery-column fusion-gallery-column-2 hover-type-none\"><div class=\"fusion-gallery-image\"><a href=\"https:\/\/www.tehno-inde.com\/wp-content\/uploads\/2019\/04\/zgrada-rtrs-e1544724033973.jpg\" rel=\"noreferrer\" data-rel=\"iLightbox[gallery_image_1]\" class=\"fusion-lightbox\" target=\"_self\"><img decoding=\"async\" src=\"https:\/\/www.tehno-inde.com\/wp-content\/uploads\/2019\/04\/zgrada-rtrs-e1544724033973.jpg\" width=\"440\" height=\"289\" alt=\"\" title=\"zgrada-rtrs-e1544724033973\" aria-label=\"zgrada-rtrs-e1544724033973\" class=\"img-responsive wp-image-113\" srcset=\"https:\/\/www.tehno-inde.com\/wp-content\/uploads\/2019\/04\/zgrada-rtrs-e1544724033973-200x131.jpg 200w, https:\/\/www.tehno-inde.com\/wp-content\/uploads\/2019\/04\/zgrada-rtrs-e1544724033973-400x263.jpg 400w, https:\/\/www.tehno-inde.com\/wp-content\/uploads\/2019\/04\/zgrada-rtrs-e1544724033973.jpg 440w\" sizes=\"(min-width: 2200px) 100vw, (min-width: 712px) 548px, (min-width: 640px) 712px, \" \/><\/a><\/div><\/div><div style=\"padding:5px;\" class=\"fusion-grid-column fusion-gallery-column fusion-gallery-column-2 hover-type-none\"><div class=\"fusion-gallery-image\"><a href=\"https:\/\/www.tehno-inde.com\/wp-content\/uploads\/2019\/04\/vladars.jpg\" rel=\"noreferrer\" data-rel=\"iLightbox[gallery_image_1]\" class=\"fusion-lightbox\" target=\"_self\"><img decoding=\"async\" src=\"https:\/\/www.tehno-inde.com\/wp-content\/uploads\/2019\/04\/vladars.jpg\" width=\"741\" height=\"486\" alt=\"\" title=\"vladars\" aria-label=\"vladars\" class=\"img-responsive wp-image-109\" srcset=\"https:\/\/www.tehno-inde.com\/wp-content\/uploads\/2019\/04\/vladars-200x131.jpg 200w, https:\/\/www.tehno-inde.com\/wp-content\/uploads\/2019\/04\/vladars-400x262.jpg 400w, https:\/\/www.tehno-inde.com\/wp-content\/uploads\/2019\/04\/vladars-600x394.jpg 600w, https:\/\/www.tehno-inde.com\/wp-content\/uploads\/2019\/04\/vladars.jpg 741w\" sizes=\"(min-width: 2200px) 100vw, (min-width: 712px) 548px, (min-width: 640px) 712px, \" \/><\/a><\/div><\/div><div class=\"clearfix\"><\/div><\/div><\/div><div class=\"fusion-clearfix\"><\/div><\/div><\/div><\/div><\/div>\n","protected":false},"excerpt":{"rendered":"","protected":false},"author":1,"featured_media":0,"parent":0,"menu_order":0,"comment_status":"closed","ping_status":"closed","template":"","meta":{"ngg_post_thumbnail":0,"footnotes":""},"class_list":["post-124","page","type-page","status-publish","hentry"],"aioseo_notices":[],"_links":{"self":[{"href":"https:\/\/www.tehno-inde.com\/sr\/wp-json\/wp\/v2\/pages\/124","targetHints":{"allow":["GET"]}}],"collection":[{"href":"https:\/\/www.tehno-inde.com\/sr\/wp-json\/wp\/v2\/pages"}],"about":[{"href":"https:\/\/www.tehno-inde.com\/sr\/wp-json\/wp\/v2\/types\/page"}],"author":[{"embeddable":true,"href":"https:\/\/www.tehno-inde.com\/sr\/wp-json\/wp\/v2\/users\/1"}],"replies":[{"embeddable":true,"href":"https:\/\/www.tehno-inde.com\/sr\/wp-json\/wp\/v2\/comments?post=124"}],"version-history":[{"count":3,"href":"https:\/\/www.tehno-inde.com\/sr\/wp-json\/wp\/v2\/pages\/124\/revisions"}],"predecessor-version":[{"id":997,"href":"https:\/\/www.tehno-inde.com\/sr\/wp-json\/wp\/v2\/pages\/124\/revisions\/997"}],"wp:attachment":[{"href":"https:\/\/www.tehno-inde.com\/sr\/wp-json\/wp\/v2\/media?parent=124"}],"curies":[{"name":"wp","href":"https:\/\/api.w.org\/{rel}","templated":true}]}}