{"id":1488,"date":"2019-07-18T19:21:16","date_gmt":"2019-07-18T17:21:16","guid":{"rendered":"http:\/\/tehno-inde.com\/zertifikate\/"},"modified":"2019-07-21T21:19:53","modified_gmt":"2019-07-21T19:19:53","slug":"zertifikate","status":"publish","type":"page","link":"https:\/\/www.tehno-inde.com\/de\/zertifikate\/","title":{"rendered":"Zertifikate"},"content":{"rendered":"<p><a href=\"https:\/\/www.tehno-inde.com\/wp-content\/uploads\/2019\/04\/sertifikat.jpg\"><img decoding=\"async\" class=\"alignright size-400 wp-image-35\" src=\"https:\/\/www.tehno-inde.com\/wp-content\/uploads\/2019\/04\/sertifikat-400x570.jpg\" alt=\"\" width=\"400\" height=\"570\" srcset=\"https:\/\/www.tehno-inde.com\/wp-content\/uploads\/2019\/04\/sertifikat-105x150.jpg 105w, https:\/\/www.tehno-inde.com\/wp-content\/uploads\/2019\/04\/sertifikat-200x285.jpg 200w, https:\/\/www.tehno-inde.com\/wp-content\/uploads\/2019\/04\/sertifikat-211x300.jpg 211w, https:\/\/www.tehno-inde.com\/wp-content\/uploads\/2019\/04\/sertifikat-400x570.jpg 400w, https:\/\/www.tehno-inde.com\/wp-content\/uploads\/2019\/04\/sertifikat.jpg 500w\" sizes=\"(max-width: 400px) 100vw, 400px\" \/><\/a><strong>Qualit\u00e4tspolitik<\/strong><\/p>\n<p>Ausgehend von der Tatsache, dass das \u00dcberleben und die Entwicklung unseres Unternehmens von dem Kunden abh\u00e4ngt, unsere Produkte zu kaufen, haben wir uns auf bedeutende Aktivit\u00e4ten konzentriert, die sich kontinuierlich mit den aktuellen und zuk\u00fcnftigen Bed\u00fcrfnissen und Anforderungen unserer Kunden befassen.<\/p>\n<p>Der Kontakt mit den Kunden ist uns wichtig, deshalb muss er kontinuierlich sein und dementsprechend ist es notwendig, st\u00e4ndig Informationen und Daten \u00fcber die Bed\u00fcrfnisse, W\u00fcnsche und Meinungen \u00fcber die Qualit\u00e4t der Zusammenarbeit mit unserem Unternehmen zu erhalten.<\/p>\n<p>Das etablierte Qualit\u00e4tsmanagementsystem, das den Anforderungen der internationalen Qualit\u00e4tsnorm ISO 9001\/2008 entspricht, muss st\u00e4ndig \u00fcberwacht werden, um es auf dem Niveau zu halten und zu verbessern, das die Produktion von hochwertigen elektrischen Kunststoffmaterialien erm\u00f6glicht und Tehno-Inde d.o.o. zu einem der f\u00fchrenden Hersteller von Elektroinstallationsmaterialien in Bosnien und Herzegowina und dar\u00fcber hinaus macht.<\/p>\n<p>Wir w\u00e4hlen unsere Lieferanten nach Kriterien aus, die die Beschaffenheit von Materialien sicherstellen, die die Grundlage f\u00fcr die Herstellung von Qualit\u00e4tsprodukten bilden.<\/p>\n<p>Die Mitarbeiter sind der wichtigste Teil unseres Unternehmens. Deshalb achten wir voll und ganz auf ihre Aus- und Weiterbildung. Alle Mitarbeiter sind bei ihren Arbeitsauftr\u00e4gen f\u00fcr die Qualit\u00e4t unserer Produkte verantwortlich.<\/p>\n<p>Wir verpflichten uns, dass unsere Entwicklung in Zukunft neben der Verbesserung der Technologie auch auf der Einf\u00fchrung von jungen und professionellen Mitarbeitern basieren wird.<\/p>\n<p>LISTE DER DEKLARATIONEN<\/p>\n<p>EG-DEKLARATION F\u00dcR STARRE ROHRE<br \/>\nEG-DEKLARATION F\u00dcR GIPSPLATTEN<br \/>\nEC-DEKLARATION F\u00dcR ANEINANDERREIHEN BOXEN<br \/>\nEG-DEKLARATION FUR Oberputzverteilerkasten<br \/>\nEG-DEKLARATION F\u00dcR RUNDE VERTEILER PZ-SCHR\u00c4NKE<br \/>\nEG-DEKLARATION ROHRE ZUBEH\u00d6R<br \/>\nEG-DEKLARATION FLEXIBLE SCHL\u00c4UCHE<br \/>\nEG-DEKLARATION KOLLEKTORHALTER<br \/>\nEG-DEKLARATION Sammlerabdeckungen<br \/>\nEG-DEKLARATION DER VIERECK-VERTEILER PZ-KASTEN<\/p>\n","protected":false},"excerpt":{"rendered":"<p>Qualit\u00e4tspolitik Ausgehend von der Tatsache, dass das \u00dcberleben und die  [&#8230;]<\/p>\n","protected":false},"author":1,"featured_media":0,"parent":0,"menu_order":0,"comment_status":"closed","ping_status":"closed","template":"","meta":{"ngg_post_thumbnail":0,"footnotes":""},"class_list":["post-1488","page","type-page","status-publish","hentry"],"aioseo_notices":[],"_links":{"self":[{"href":"https:\/\/www.tehno-inde.com\/de\/wp-json\/wp\/v2\/pages\/1488","targetHints":{"allow":["GET"]}}],"collection":[{"href":"https:\/\/www.tehno-inde.com\/de\/wp-json\/wp\/v2\/pages"}],"about":[{"href":"https:\/\/www.tehno-inde.com\/de\/wp-json\/wp\/v2\/types\/page"}],"author":[{"embeddable":true,"href":"https:\/\/www.tehno-inde.com\/de\/wp-json\/wp\/v2\/users\/1"}],"replies":[{"embeddable":true,"href":"https:\/\/www.tehno-inde.com\/de\/wp-json\/wp\/v2\/comments?post=1488"}],"version-history":[{"count":4,"href":"https:\/\/www.tehno-inde.com\/de\/wp-json\/wp\/v2\/pages\/1488\/revisions"}],"predecessor-version":[{"id":1612,"href":"https:\/\/www.tehno-inde.com\/de\/wp-json\/wp\/v2\/pages\/1488\/revisions\/1612"}],"wp:attachment":[{"href":"https:\/\/www.tehno-inde.com\/de\/wp-json\/wp\/v2\/media?parent=1488"}],"curies":[{"name":"wp","href":"https:\/\/api.w.org\/{rel}","templated":true}]}}