{"id":1484,"date":"2019-07-18T16:23:23","date_gmt":"2019-07-18T14:23:23","guid":{"rendered":"http:\/\/tehno-inde.com\/referenzen\/"},"modified":"2019-07-21T21:03:21","modified_gmt":"2019-07-21T19:03:21","slug":"referenzen","status":"publish","type":"page","link":"https:\/\/www.tehno-inde.com\/de\/referenzen\/","title":{"rendered":"Referenzen"},"content":{"rendered":"<div class=\"fusion-fullwidth fullwidth-box fusion-builder-row-1 nonhundred-percent-fullwidth non-hundred-percent-height-scrolling\" style=\"--awb-border-radius-top-left:0px;--awb-border-radius-top-right:0px;--awb-border-radius-bottom-right:0px;--awb-border-radius-bottom-left:0px;--awb-flex-wrap:wrap;\" ><div class=\"fusion-builder-row fusion-row\"><div class=\"fusion-layout-column fusion_builder_column fusion-builder-column-0 fusion_builder_column_1_2 1_2 fusion-one-half fusion-column-first\" style=\"--awb-bg-size:cover;width:50%;width:calc(50% - ( ( 4% ) * 0.5 ) );margin-right: 4%;\"><div class=\"fusion-column-wrapper fusion-column-has-shadow fusion-flex-column-wrapper-legacy\"><div class=\"fusion-text fusion-text-1\"><p>Unser Elektroinstallationsmaterial wird in den folgenden Einrichtungen eingebaut:<br \/>\n&#8211; Regierungsgeb\u00e4ude RS, Banja Luka<br \/>\n&#8211; ATV, Banja Luka<br \/>\n&#8211; HAYAT TV, Vogosca<br \/>\n&#8211; BBI Centar, Sarajevo<br \/>\n&#8211; BHT, Sarajevo<br \/>\n&#8211; EUROHERTZ-Geb\u00e4ude, Sarajevo<br \/>\n&#8211; Fu\u00dfballstadion Grbavica, Sarajevo<br \/>\n&#8211; Hidrogradnja, Alfa Wohnungen, Sarajevo<br \/>\n&#8211; Olympisches Schwimmbad Incel, Banja Luka<br \/>\n&#8211; Merkator centar, Gradiska<br \/>\n&#8211; Mautstationen, Visoko<br \/>\n&#8211; RTRS-Geb\u00e4ude, Banja Luka<br \/>\n&#8211; Hotel Kardijal, Teslic<br \/>\n&#8211; Velefah, Cazin.<br \/>\n&#8211; Hotel Halix, Prijedor.<br \/>\n&#8211; Einkaufszentrum Adna Comerc, Bosanska Krupa<br \/>\n&#8211; Gemeinde Bosanska Krupa, Bosanska Krupa,<br \/>\n&#8211; Hotel Kostelski buk, Kostel komerc, Bihac<br \/>\n&#8211; Ozimice, Bihac<br \/>\n&#8211; Einkaufszentrum Pleska, Buzim<br \/>\n&#8211; Postamt, Velika Kladusa<br \/>\n&#8211; ABS Bank, Unsko-Sanski kanton<br \/>\n&#8211; Bewo River Appartement, Banja Luka<br \/>\n&#8211; Magra, Banja Luka<br \/>\n&#8211; Raiffeisen Bank, Banja Luka, Doboj<br \/>\n&#8211; ICM TRADE Salon- und Autoservice Glamocani, Laktasi<br \/>\n&#8211; ASA PVA Sarajevo<br \/>\n&#8211; SN mreza 35kV Ugar (Novakovici), Knezevo<br \/>\n&#8211; Zute zgrade &#8211; Wohn &#8211; B\u00fcrogeb\u00e4ude<br \/>\n&#8211; Novi Borik &#8211; Wohnhaus<br \/>\n&#8211; M\u00fchlbauer B\u00fcrogeb\u00e4ude<br \/>\n&#8211; Bergbau Stanari<br \/>\n&#8211; J\u00fcdisches Kulturzentrum<br \/>\n&#8211; Klinikum Banja Luka &#8211; Wiederaufbau<br \/>\n&#8211; Delta Planet, Banja Luka<br \/>\n&#8211; RiverCity, Banja Luka,<br \/>\n&#8211; Marbo, Laktasi<br \/>\n&#8211; Zavod f\u00fcr Physikalische Medizin und Rehabilitation von &#8222;Dr. Miroslav Zotovic&#8220;.<br \/>\n&#8211; Vranica 2, 3, 4, Banja Luka<br \/>\n&#8211; SPO &#8222;Estetika centar&#8220;, Gradiska<br \/>\n&#8211; Polizeiausbildungszentrum, Zaluzani.<br \/>\n&#8211; Niskogradnja, Duska Koscice, Banja Luka<\/p>\n<\/div><div class=\"fusion-clearfix\"><\/div><\/div><\/div><div class=\"fusion-layout-column fusion_builder_column fusion-builder-column-1 fusion_builder_column_1_2 1_2 fusion-one-half fusion-column-last\" style=\"--awb-bg-size:cover;width:50%;width:calc(50% - ( ( 4% ) * 0.5 ) );\"><div class=\"fusion-column-wrapper fusion-column-has-shadow fusion-flex-column-wrapper-legacy\"><div class=\"awb-gallery-wrapper awb-gallery-wrapper-1 button-span-no\"><div style=\"margin:-5px;--awb-bordersize:0px;\" class=\"fusion-gallery fusion-gallery-container fusion-grid-2 fusion-columns-total-6 fusion-gallery-layout-grid fusion-gallery-1\"><div style=\"padding:5px;\" class=\"fusion-grid-column fusion-gallery-column fusion-gallery-column-2 hover-type-none\"><div class=\"fusion-gallery-image\"><a href=\"https:\/\/www.tehno-inde.com\/wp-content\/uploads\/2019\/04\/raiffeisen-e1544723905798.jpg\" rel=\"noreferrer\" data-rel=\"iLightbox[gallery_image_1]\" class=\"fusion-lightbox\" target=\"_self\"><img decoding=\"async\" src=\"https:\/\/www.tehno-inde.com\/wp-content\/uploads\/2019\/04\/raiffeisen-e1544723905798.jpg\" width=\"792\" height=\"437\" alt=\"\" title=\"Raiffeisen Bank, Banja Luka\" aria-label=\"Raiffeisen Bank, Banja Luka\" class=\"img-responsive wp-image-105\" srcset=\"https:\/\/www.tehno-inde.com\/wp-content\/uploads\/2019\/04\/raiffeisen-e1544723905798-200x110.jpg 200w, https:\/\/www.tehno-inde.com\/wp-content\/uploads\/2019\/04\/raiffeisen-e1544723905798-400x221.jpg 400w, https:\/\/www.tehno-inde.com\/wp-content\/uploads\/2019\/04\/raiffeisen-e1544723905798-600x331.jpg 600w, https:\/\/www.tehno-inde.com\/wp-content\/uploads\/2019\/04\/raiffeisen-e1544723905798.jpg 792w\" sizes=\"(min-width: 2200px) 100vw, (min-width: 712px) 548px, (min-width: 640px) 712px, \" \/><\/a><\/div><\/div><div style=\"padding:5px;\" class=\"fusion-grid-column fusion-gallery-column fusion-gallery-column-2 hover-type-none\"><div class=\"fusion-gallery-image\"><a href=\"https:\/\/www.tehno-inde.com\/wp-content\/uploads\/2019\/04\/grbavica-stadium-e1544724076363.jpg\" rel=\"noreferrer\" data-rel=\"iLightbox[gallery_image_1]\" class=\"fusion-lightbox\" target=\"_self\"><img decoding=\"async\" src=\"https:\/\/www.tehno-inde.com\/wp-content\/uploads\/2019\/04\/grbavica-stadium-e1544724076363.jpg\" width=\"376\" height=\"209\" alt=\"\" title=\"Fu\u00dfballstadion Grbavica, Sarajevo\" aria-label=\"Fu\u00dfballstadion Grbavica, Sarajevo\" class=\"img-responsive wp-image-97\" srcset=\"https:\/\/www.tehno-inde.com\/wp-content\/uploads\/2019\/04\/grbavica-stadium-e1544724076363-200x111.jpg 200w, https:\/\/www.tehno-inde.com\/wp-content\/uploads\/2019\/04\/grbavica-stadium-e1544724076363.jpg 376w\" sizes=\"(min-width: 2200px) 100vw, (min-width: 712px) 548px, (min-width: 640px) 712px, \" \/><\/a><\/div><\/div><div class=\"clearfix\"><\/div><div style=\"padding:5px;\" class=\"fusion-grid-column fusion-gallery-column fusion-gallery-column-2 hover-type-none\"><div class=\"fusion-gallery-image\"><a href=\"https:\/\/www.tehno-inde.com\/wp-content\/uploads\/2019\/04\/atvbl-e1544723949122.jpg\" rel=\"noreferrer\" data-rel=\"iLightbox[gallery_image_1]\" class=\"fusion-lightbox\" target=\"_self\"><img decoding=\"async\" src=\"https:\/\/www.tehno-inde.com\/wp-content\/uploads\/2019\/04\/atvbl-e1544723949122.jpg\" width=\"800\" height=\"592\" alt=\"\" title=\"ATV-Geb\u00e4ude, Banja Luka\" aria-label=\"ATV-Geb\u00e4ude, Banja Luka\" class=\"img-responsive wp-image-93\" srcset=\"https:\/\/www.tehno-inde.com\/wp-content\/uploads\/2019\/04\/atvbl-e1544723949122-200x148.jpg 200w, https:\/\/www.tehno-inde.com\/wp-content\/uploads\/2019\/04\/atvbl-e1544723949122-400x296.jpg 400w, https:\/\/www.tehno-inde.com\/wp-content\/uploads\/2019\/04\/atvbl-e1544723949122-600x444.jpg 600w, https:\/\/www.tehno-inde.com\/wp-content\/uploads\/2019\/04\/atvbl-e1544723949122.jpg 800w\" sizes=\"(min-width: 2200px) 100vw, (min-width: 712px) 548px, (min-width: 640px) 712px, \" \/><\/a><\/div><\/div><div style=\"padding:5px;\" class=\"fusion-grid-column fusion-gallery-column fusion-gallery-column-2 hover-type-none\"><div class=\"fusion-gallery-image\"><a href=\"https:\/\/www.tehno-inde.com\/wp-content\/uploads\/2019\/04\/incel.jpg\" rel=\"noreferrer\" data-rel=\"iLightbox[gallery_image_1]\" class=\"fusion-lightbox\" target=\"_self\"><img decoding=\"async\" src=\"https:\/\/www.tehno-inde.com\/wp-content\/uploads\/2019\/04\/incel.jpg\" width=\"500\" height=\"375\" alt=\"\" title=\"Olympisches Schwimmbad Incel, Banja Luka\" aria-label=\"Olympisches Schwimmbad Incel, Banja Luka\" class=\"img-responsive wp-image-101\" srcset=\"https:\/\/www.tehno-inde.com\/wp-content\/uploads\/2019\/04\/incel-200x150.jpg 200w, https:\/\/www.tehno-inde.com\/wp-content\/uploads\/2019\/04\/incel-400x300.jpg 400w, https:\/\/www.tehno-inde.com\/wp-content\/uploads\/2019\/04\/incel.jpg 500w\" sizes=\"(min-width: 2200px) 100vw, (min-width: 712px) 548px, (min-width: 640px) 712px, \" \/><\/a><\/div><\/div><div class=\"clearfix\"><\/div><div style=\"padding:5px;\" class=\"fusion-grid-column fusion-gallery-column fusion-gallery-column-2 hover-type-none\"><div class=\"fusion-gallery-image\"><a href=\"https:\/\/www.tehno-inde.com\/wp-content\/uploads\/2019\/04\/zgrada-rtrs-e1544724033973.jpg\" rel=\"noreferrer\" data-rel=\"iLightbox[gallery_image_1]\" class=\"fusion-lightbox\" target=\"_self\"><img decoding=\"async\" src=\"https:\/\/www.tehno-inde.com\/wp-content\/uploads\/2019\/04\/zgrada-rtrs-e1544724033973.jpg\" width=\"440\" height=\"289\" alt=\"\" title=\"RTRS-Geb\u00e4ude, Banja Luka\" aria-label=\"RTRS-Geb\u00e4ude, Banja Luka\" class=\"img-responsive wp-image-113\" srcset=\"https:\/\/www.tehno-inde.com\/wp-content\/uploads\/2019\/04\/zgrada-rtrs-e1544724033973-200x131.jpg 200w, https:\/\/www.tehno-inde.com\/wp-content\/uploads\/2019\/04\/zgrada-rtrs-e1544724033973-400x263.jpg 400w, https:\/\/www.tehno-inde.com\/wp-content\/uploads\/2019\/04\/zgrada-rtrs-e1544724033973.jpg 440w\" sizes=\"(min-width: 2200px) 100vw, (min-width: 712px) 548px, (min-width: 640px) 712px, \" \/><\/a><\/div><\/div><div style=\"padding:5px;\" class=\"fusion-grid-column fusion-gallery-column fusion-gallery-column-2 hover-type-none\"><div class=\"fusion-gallery-image\"><a href=\"https:\/\/www.tehno-inde.com\/wp-content\/uploads\/2019\/04\/vladars.jpg\" rel=\"noreferrer\" data-rel=\"iLightbox[gallery_image_1]\" class=\"fusion-lightbox\" target=\"_self\"><img decoding=\"async\" src=\"https:\/\/www.tehno-inde.com\/wp-content\/uploads\/2019\/04\/vladars.jpg\" width=\"741\" height=\"486\" alt=\"\" title=\"Regierungsgeb\u00e4ude RS, Banja Luka\" aria-label=\"Regierungsgeb\u00e4ude RS, Banja Luka\" class=\"img-responsive wp-image-109\" srcset=\"https:\/\/www.tehno-inde.com\/wp-content\/uploads\/2019\/04\/vladars-200x131.jpg 200w, https:\/\/www.tehno-inde.com\/wp-content\/uploads\/2019\/04\/vladars-400x262.jpg 400w, https:\/\/www.tehno-inde.com\/wp-content\/uploads\/2019\/04\/vladars-600x394.jpg 600w, https:\/\/www.tehno-inde.com\/wp-content\/uploads\/2019\/04\/vladars.jpg 741w\" sizes=\"(min-width: 2200px) 100vw, (min-width: 712px) 548px, (min-width: 640px) 712px, \" \/><\/a><\/div><\/div><div class=\"clearfix\"><\/div><\/div><\/div><div class=\"fusion-clearfix\"><\/div><\/div><\/div><\/div><\/div>\n","protected":false},"excerpt":{"rendered":"","protected":false},"author":1,"featured_media":0,"parent":0,"menu_order":0,"comment_status":"closed","ping_status":"closed","template":"","meta":{"ngg_post_thumbnail":0,"footnotes":""},"class_list":["post-1484","page","type-page","status-publish","hentry"],"aioseo_notices":[],"_links":{"self":[{"href":"https:\/\/www.tehno-inde.com\/de\/wp-json\/wp\/v2\/pages\/1484","targetHints":{"allow":["GET"]}}],"collection":[{"href":"https:\/\/www.tehno-inde.com\/de\/wp-json\/wp\/v2\/pages"}],"about":[{"href":"https:\/\/www.tehno-inde.com\/de\/wp-json\/wp\/v2\/types\/page"}],"author":[{"embeddable":true,"href":"https:\/\/www.tehno-inde.com\/de\/wp-json\/wp\/v2\/users\/1"}],"replies":[{"embeddable":true,"href":"https:\/\/www.tehno-inde.com\/de\/wp-json\/wp\/v2\/comments?post=1484"}],"version-history":[{"count":3,"href":"https:\/\/www.tehno-inde.com\/de\/wp-json\/wp\/v2\/pages\/1484\/revisions"}],"predecessor-version":[{"id":1608,"href":"https:\/\/www.tehno-inde.com\/de\/wp-json\/wp\/v2\/pages\/1484\/revisions\/1608"}],"wp:attachment":[{"href":"https:\/\/www.tehno-inde.com\/de\/wp-json\/wp\/v2\/media?parent=1484"}],"curies":[{"name":"wp","href":"https:\/\/api.w.org\/{rel}","templated":true}]}}